{"id":1212,"date":"2022-10-14T15:16:19","date_gmt":"2022-10-14T13:16:19","guid":{"rendered":"https:\/\/medviu.ch\/allgemeine-geschaeftsbedingungen\/"},"modified":"2024-01-04T11:10:17","modified_gmt":"2024-01-04T10:10:17","slug":"conditions-generales","status":"publish","type":"page","link":"https:\/\/medviu.ch\/fr\/conditions-generales\/","title":{"rendered":"CGV"},"content":{"rendered":"\n<p>Octobre 2022<\/p>\n\n\n\n<p><strong>Medviu AG<\/strong><br>Postfach 241<br>9053 Teufen<\/p>\n\n\n\n<p>Repr\u00e9sentant mandat\u00e9:<br>Ruedi Brunner<\/p>\n\n\n\n<p>T\u00e9l\u00e9phon: <a href=\"tel:+41713300375\">41 71 330 03 75<\/a><br>E-Mail: <a href=\"mailto:contact@medviu.ch\">contact@medviu.ch<\/a><\/p>\n\n\n\n<p>Forme juridique: soci\u00e9t\u00e9 anonyme<\/p>\n\n\n\n<p>Registre du commerce: CH-300.3.013.806-8<\/p>\n\n\n\n<p>IDE: CHE-105.155.188<\/p>\n\n\n\n<p>Office comp\u00e9tent: Handelsregisteramt des Kantons Appenzell A.Rh.<\/p>\n\n\n\n<h3 class=\"wp-block-heading\"><strong>Conditions g\u00e9n\u00e9rales<\/strong><\/h3>\n\n\n\n<p>La facturation des coupures de presse fournies est bas\u00e9e sur un abonnement annuel, auquel l\u2019abonn\u00e9 s\u2019engage au d\u00e9but de la livraison de la coupure pour la Revue de presse.<\/p>\n\n\n\n<p>Le d\u00e9lai de r\u00e9siliation de l\u2019abonnement \u00e0 cette surveillance individuelle des m\u00e9dias est de trois mois avant la fin de l\u2019utilisation (apr\u00e8s la premi\u00e8re ann\u00e9e).<\/p>\n\n\n\n<p>Le contrat d\u2019utilisation s\u2019applique sous r\u00e9serve de modifications de prix devenant n\u00e9cessaires. Un ajustement de prix a lieu au d\u00e9but de la nouvelle dur\u00e9e de l\u2019abonnement.<\/p>\n\n\n\n<h3 class=\"wp-block-heading\"><strong>Clause de non-responsabilit\u00e9<\/strong><\/h3>\n\n\n\n<p>L\u2019auteur d\u00e9cline toute responsabilit\u00e9 quant \u00e0 l\u2019exactitude, la pr\u00e9cision, l\u2019actualit\u00e9, la fiabilit\u00e9 et l\u2019exhaustivit\u00e9 des informations mises \u00e0 disposition.<\/p>\n\n\n\n<p>La responsabilit\u00e9 de l\u2019auteur est exclue en cas de dommages mat\u00e9riels ou immat\u00e9riels r\u00e9sultant de l\u2019acc\u00e8s, de l\u2019utilisation ou de la non-utilisation des informations publi\u00e9es, d\u2019une mauvaise utilisation de la connexion ou de d\u00e9faillances techniques.<\/p>\n\n\n\n<p>Toutes les offres sont sans engagement. L\u2019auteur se r\u00e9serve express\u00e9ment le droit de modifier, de compl\u00e9ter ou d\u2019effacer des parties des pages ou l\u2019ensemble de l\u2019offre sans avis pr\u00e9alable ou d\u2019en suspendre temporairement ou d\u00e9finitivement la publication.<\/p>\n\n\n\n<h3 class=\"wp-block-heading\"><strong>Droits d\u2019auteur<\/strong><\/h3>\n\n\n\n<p>medviu.ch ou, respectivement, l\u2019entreprise responsable de cette prestation, Medviu AG, est inscrite en tant que service de livraison de coupures de presse aupr\u00e8s de la soci\u00e9t\u00e9 de gestion de droits d\u2019auteur ProLitteris et s\u2019acquitte \u2013 en sa qualit\u00e9 de tiers selon l\u2019art. 19, al. 2 LDA \u2013 de redevances conform\u00e9ment au TC 8\/VI, chiffre 6.3.24.<\/p>\n\n\n\n<p>Cela ne couvre pas pour autant l\u2019usage que font leurs destinataires des coupures de presse\/articles en question au sein de leur entreprise, notamment:<\/p>\n\n\n\n<ul class=\"wp-block-list\">\n<li>stockage dans un r\u00e9seau interne \u00e0 l\u2019entreprise (Intranet)<\/li>\n\n\n\n<li>reproduction sous forme papier et distribution cons\u00e9quente \u00e0 l\u2019interne<\/li>\n\n\n\n<li>mise \u00e0 disposition des coupures de presse\/articles pour que le personnel puisse, \u00e0 l\u2019interne, acc\u00e9der au service de livraison directement sur l\u2019espace disque, moyennant un mot de passe<\/li>\n<\/ul>\n\n\n\n<p>Du point de vue du droit d\u2019auteur, ces proc\u00e9d\u00e9s sont consid\u00e9r\u00e9s comme relevant de l\u2019usage priv\u00e9 pour lequel l\u2019entreprise est tenue \u2013 selon l\u2019art 19, al. 1, let. c LDA \u2013 de verser une r\u00e9mun\u00e9ration dont elle s\u2019acquittera directement aupr\u00e8s de ProLitteris selon les TC 8 et 9.<\/p>\n","protected":false},"excerpt":{"rendered":"<p>Octobre 2022 Medviu AGPostfach 2419053 Teufen Repr\u00e9sentant mandat\u00e9:Ruedi Brunner T\u00e9l\u00e9phon: 41 71 330 03 75E-Mail: contact@medviu.ch Forme juridique: soci\u00e9t\u00e9 anonyme Registre du commerce: CH-300.3.013.806-8 IDE: CHE-105.155.188 Office comp\u00e9tent: Handelsregisteramt des Kantons Appenzell A.Rh. Conditions g\u00e9n\u00e9rales La facturation des coupures de presse fournies est bas\u00e9e sur un abonnement annuel, auquel l\u2019abonn\u00e9 s\u2019engage au d\u00e9but de la [&hellip;]<\/p>\n","protected":false},"author":1,"featured_media":0,"parent":0,"menu_order":0,"comment_status":"closed","ping_status":"closed","template":"page-standard-content.php","meta":{"_acf_changed":false,"content-type":"","footnotes":""},"class_list":["post-1212","page","type-page","status-publish","hentry"],"acf":[],"yoast_head":"<!-- This site is optimized with the Yoast SEO plugin v27.4 - https:\/\/yoast.com\/product\/yoast-seo-wordpress\/ -->\n<title>CGV - Medviu<\/title>\n<meta name=\"robots\" content=\"index, follow, max-snippet:-1, max-image-preview:large, max-video-preview:-1\" \/>\n<link rel=\"canonical\" href=\"https:\/\/medviu.ch\/fr\/conditions-generales\/\" \/>\n<meta property=\"og:locale\" content=\"fr_FR\" \/>\n<meta property=\"og:type\" content=\"article\" \/>\n<meta property=\"og:title\" content=\"CGV - Medviu\" \/>\n<meta property=\"og:description\" content=\"Octobre 2022 Medviu AGPostfach 2419053 Teufen Repr\u00e9sentant mandat\u00e9:Ruedi Brunner T\u00e9l\u00e9phon: 41 71 330 03 75E-Mail: contact@medviu.ch Forme juridique: soci\u00e9t\u00e9 anonyme Registre du commerce: CH-300.3.013.806-8 IDE: CHE-105.155.188 Office comp\u00e9tent: Handelsregisteramt des Kantons Appenzell A.Rh. Conditions g\u00e9n\u00e9rales La facturation des coupures de presse fournies est bas\u00e9e sur un abonnement annuel, auquel l\u2019abonn\u00e9 s\u2019engage au d\u00e9but de la [&hellip;]\" \/>\n<meta property=\"og:url\" content=\"https:\/\/medviu.ch\/fr\/conditions-generales\/\" \/>\n<meta property=\"og:site_name\" content=\"Medviu\" \/>\n<meta property=\"article:modified_time\" content=\"2024-01-04T10:10:17+00:00\" \/>\n<meta name=\"twitter:card\" content=\"summary_large_image\" \/>\n<meta name=\"twitter:label1\" content=\"Dur\u00e9e de lecture estim\u00e9e\" \/>\n\t<meta name=\"twitter:data1\" content=\"3 minutes\" \/>\n<script type=\"application\/ld+json\" class=\"yoast-schema-graph\">{\"@context\":\"https:\\\/\\\/schema.org\",\"@graph\":[{\"@type\":\"WebPage\",\"@id\":\"https:\\\/\\\/medviu.ch\\\/fr\\\/conditions-generales\\\/\",\"url\":\"https:\\\/\\\/medviu.ch\\\/fr\\\/conditions-generales\\\/\",\"name\":\"CGV - Medviu\",\"isPartOf\":{\"@id\":\"https:\\\/\\\/medviu.ch\\\/fr\\\/#website\"},\"datePublished\":\"2022-10-14T13:16:19+00:00\",\"dateModified\":\"2024-01-04T10:10:17+00:00\",\"breadcrumb\":{\"@id\":\"https:\\\/\\\/medviu.ch\\\/fr\\\/conditions-generales\\\/#breadcrumb\"},\"inLanguage\":\"fr-FR\",\"potentialAction\":[{\"@type\":\"ReadAction\",\"target\":[\"https:\\\/\\\/medviu.ch\\\/fr\\\/conditions-generales\\\/\"]}]},{\"@type\":\"BreadcrumbList\",\"@id\":\"https:\\\/\\\/medviu.ch\\\/fr\\\/conditions-generales\\\/#breadcrumb\",\"itemListElement\":[{\"@type\":\"ListItem\",\"position\":1,\"name\":\"Startseite\",\"item\":\"https:\\\/\\\/medviu.ch\\\/fr\\\/\"},{\"@type\":\"ListItem\",\"position\":2,\"name\":\"CGV\"}]},{\"@type\":\"WebSite\",\"@id\":\"https:\\\/\\\/medviu.ch\\\/fr\\\/#website\",\"url\":\"https:\\\/\\\/medviu.ch\\\/fr\\\/\",\"name\":\"Medviu\",\"description\":\"Medienspiegel Gesundheitswesen Schweiz\",\"publisher\":{\"@id\":\"https:\\\/\\\/medviu.ch\\\/fr\\\/#organization\"},\"potentialAction\":[{\"@type\":\"SearchAction\",\"target\":{\"@type\":\"EntryPoint\",\"urlTemplate\":\"https:\\\/\\\/medviu.ch\\\/fr\\\/?s={search_term_string}\"},\"query-input\":{\"@type\":\"PropertyValueSpecification\",\"valueRequired\":true,\"valueName\":\"search_term_string\"}}],\"inLanguage\":\"fr-FR\"},{\"@type\":\"Organization\",\"@id\":\"https:\\\/\\\/medviu.ch\\\/fr\\\/#organization\",\"name\":\"Medviu\",\"url\":\"https:\\\/\\\/medviu.ch\\\/fr\\\/\",\"logo\":{\"@type\":\"ImageObject\",\"inLanguage\":\"fr-FR\",\"@id\":\"https:\\\/\\\/medviu.ch\\\/fr\\\/#\\\/schema\\\/logo\\\/image\\\/\",\"url\":\"https:\\\/\\\/medviu.ch\\\/wp-content\\\/uploads\\\/2022\\\/09\\\/logo_medviu-colored.png\",\"contentUrl\":\"https:\\\/\\\/medviu.ch\\\/wp-content\\\/uploads\\\/2022\\\/09\\\/logo_medviu-colored.png\",\"width\":180,\"height\":50,\"caption\":\"Medviu\"},\"image\":{\"@id\":\"https:\\\/\\\/medviu.ch\\\/fr\\\/#\\\/schema\\\/logo\\\/image\\\/\"}}]}<\/script>\n<!-- \/ Yoast SEO plugin. -->","yoast_head_json":{"title":"CGV - Medviu","robots":{"index":"index","follow":"follow","max-snippet":"max-snippet:-1","max-image-preview":"max-image-preview:large","max-video-preview":"max-video-preview:-1"},"canonical":"https:\/\/medviu.ch\/fr\/conditions-generales\/","og_locale":"fr_FR","og_type":"article","og_title":"CGV - Medviu","og_description":"Octobre 2022 Medviu AGPostfach 2419053 Teufen Repr\u00e9sentant mandat\u00e9:Ruedi Brunner T\u00e9l\u00e9phon: 41 71 330 03 75E-Mail: contact@medviu.ch Forme juridique: soci\u00e9t\u00e9 anonyme Registre du commerce: CH-300.3.013.806-8 IDE: CHE-105.155.188 Office comp\u00e9tent: Handelsregisteramt des Kantons Appenzell A.Rh. Conditions g\u00e9n\u00e9rales La facturation des coupures de presse fournies est bas\u00e9e sur un abonnement annuel, auquel l\u2019abonn\u00e9 s\u2019engage au d\u00e9but de la [&hellip;]","og_url":"https:\/\/medviu.ch\/fr\/conditions-generales\/","og_site_name":"Medviu","article_modified_time":"2024-01-04T10:10:17+00:00","twitter_card":"summary_large_image","twitter_misc":{"Dur\u00e9e de lecture estim\u00e9e":"3 minutes"},"schema":{"@context":"https:\/\/schema.org","@graph":[{"@type":"WebPage","@id":"https:\/\/medviu.ch\/fr\/conditions-generales\/","url":"https:\/\/medviu.ch\/fr\/conditions-generales\/","name":"CGV - Medviu","isPartOf":{"@id":"https:\/\/medviu.ch\/fr\/#website"},"datePublished":"2022-10-14T13:16:19+00:00","dateModified":"2024-01-04T10:10:17+00:00","breadcrumb":{"@id":"https:\/\/medviu.ch\/fr\/conditions-generales\/#breadcrumb"},"inLanguage":"fr-FR","potentialAction":[{"@type":"ReadAction","target":["https:\/\/medviu.ch\/fr\/conditions-generales\/"]}]},{"@type":"BreadcrumbList","@id":"https:\/\/medviu.ch\/fr\/conditions-generales\/#breadcrumb","itemListElement":[{"@type":"ListItem","position":1,"name":"Startseite","item":"https:\/\/medviu.ch\/fr\/"},{"@type":"ListItem","position":2,"name":"CGV"}]},{"@type":"WebSite","@id":"https:\/\/medviu.ch\/fr\/#website","url":"https:\/\/medviu.ch\/fr\/","name":"Medviu","description":"Medienspiegel Gesundheitswesen Schweiz","publisher":{"@id":"https:\/\/medviu.ch\/fr\/#organization"},"potentialAction":[{"@type":"SearchAction","target":{"@type":"EntryPoint","urlTemplate":"https:\/\/medviu.ch\/fr\/?s={search_term_string}"},"query-input":{"@type":"PropertyValueSpecification","valueRequired":true,"valueName":"search_term_string"}}],"inLanguage":"fr-FR"},{"@type":"Organization","@id":"https:\/\/medviu.ch\/fr\/#organization","name":"Medviu","url":"https:\/\/medviu.ch\/fr\/","logo":{"@type":"ImageObject","inLanguage":"fr-FR","@id":"https:\/\/medviu.ch\/fr\/#\/schema\/logo\/image\/","url":"https:\/\/medviu.ch\/wp-content\/uploads\/2022\/09\/logo_medviu-colored.png","contentUrl":"https:\/\/medviu.ch\/wp-content\/uploads\/2022\/09\/logo_medviu-colored.png","width":180,"height":50,"caption":"Medviu"},"image":{"@id":"https:\/\/medviu.ch\/fr\/#\/schema\/logo\/image\/"}}]}},"_links":{"self":[{"href":"https:\/\/medviu.ch\/fr\/wp-json\/wp\/v2\/pages\/1212","targetHints":{"allow":["GET"]}}],"collection":[{"href":"https:\/\/medviu.ch\/fr\/wp-json\/wp\/v2\/pages"}],"about":[{"href":"https:\/\/medviu.ch\/fr\/wp-json\/wp\/v2\/types\/page"}],"author":[{"embeddable":true,"href":"https:\/\/medviu.ch\/fr\/wp-json\/wp\/v2\/users\/1"}],"replies":[{"embeddable":true,"href":"https:\/\/medviu.ch\/fr\/wp-json\/wp\/v2\/comments?post=1212"}],"version-history":[{"count":8,"href":"https:\/\/medviu.ch\/fr\/wp-json\/wp\/v2\/pages\/1212\/revisions"}],"predecessor-version":[{"id":2764,"href":"https:\/\/medviu.ch\/fr\/wp-json\/wp\/v2\/pages\/1212\/revisions\/2764"}],"wp:attachment":[{"href":"https:\/\/medviu.ch\/fr\/wp-json\/wp\/v2\/media?parent=1212"}],"curies":[{"name":"wp","href":"https:\/\/api.w.org\/{rel}","templated":true}]}}