{"id":815,"date":"2022-09-09T13:23:01","date_gmt":"2022-09-09T11:23:01","guid":{"rendered":"https:\/\/medviu.08eins-preview.ch\/datenschutz\/"},"modified":"2024-01-04T11:09:44","modified_gmt":"2024-01-04T10:09:44","slug":"protection-des-donnees","status":"publish","type":"page","link":"https:\/\/medviu.ch\/fr\/protection-des-donnees\/","title":{"rendered":"Protection des donn\u00e9es"},"content":{"rendered":"\n<p>Mise \u00e0 jour: Ao\u00fbt 2023<\/p>\n\n\n\n<h3 class=\"wp-block-heading\">1.0 Qui sommes-nous ?<\/h3>\n\n\n\n<p><strong>Medviu SA<br><\/strong>Case postale 241<br>9053 Teufen<\/p>\n\n\n\n<p>Personne habilit\u00e9e \u00e0 repr\u00e9senter la soci\u00e9t\u00e9 et responsable de la protection des donn\u00e9es :<br>Ruedi Brunner<\/p>\n\n\n\n<p>T\u00e9l\u00e9phone : 071 330 03 75<br>Courriel : <a href=\"mailto:contact@medviu.ch\">contact@medviu.ch<\/a><\/p>\n\n\n\n<p>Forme juridique : soci\u00e9t\u00e9 anonyme<\/p>\n\n\n\n<p>R\u00e9gistre de commerce: CH-300.3.013.806-8<br>UID: CHE-105.155.188<br>Office comp\u00e9tent: Office du registre du commerce du canton Appenzell Rhodes ext\u00e9rieures<\/p>\n\n\n\n<h4 class=\"wp-block-heading\">1.1 Protection des donn\u00e9es<\/h4>\n\n\n\n<p>Toutes les donn\u00e9es personnelles collect\u00e9es sur les pages web de Medviu sont enregistr\u00e9es et trait\u00e9es exclusivement pour votre suivi individuel ou la soumission d&rsquo;offres de service. Medviu garantit que vos donn\u00e9es seront trait\u00e9es de mani\u00e8re confidentielle, conform\u00e9ment aux dispositions l\u00e9gales en vigueur en mati\u00e8re de protection des donn\u00e9es.<\/p>\n\n\n\n<h4 class=\"wp-block-heading\">1.2 D\u00e9claration de protection des donn\u00e9es<\/h4>\n\n\n\n<p>Cette d\u00e9claration de protection des donn\u00e9es ne s&rsquo;applique qu&rsquo;aux sites Internet www.medviu.ch et app.medviu.ch et aux services propos\u00e9s par leur interm\u00e9diaire. Les indications suivantes ne se rapportent pas aux sites Internet d&rsquo;autres fournisseurs auxquels nous renvoyons par des liens \u00e0 partir de nos sites Internet.<\/p>\n\n\n\n<p>Nous vous indiquons ci-apr\u00e8s quelles donn\u00e9es personnelles nous collectons lors de votre visite sur nos pages web et de l&rsquo;utilisation des services propos\u00e9s par ce biais, et comment nous les traitons et les utilisons.<\/p>\n\n\n\n<h3 class=\"wp-block-heading\">2.0 Nous collectons ces donn\u00e9es personnelles et pourquoi nous les collectons.<\/h3>\n\n\n\n<h4 class=\"wp-block-heading\">2.1 Google Analytics<\/h4>\n\n\n\n<p>Dans la mesure o\u00f9 vous avez donn\u00e9 votre consentement, ce site web utilise Google Analytics, un service d&rsquo;analyse web de Google Inc (\u00ab\u00a0Google\u00a0\u00bb). L&rsquo;utilisation comprend le mode d&rsquo;exploitation \u00ab\u00a0Universal Analytics\u00a0\u00bb. Il est ainsi possible d&rsquo;attribuer des donn\u00e9es, des sessions et des interactions sur plusieurs appareils \u00e0 un ID utilisateur pseudonyme et d&rsquo;analyser ainsi les activit\u00e9s d&rsquo;un utilisateur sur tous les appareils.<\/p>\n\n\n\n<p>Google Analytics utilise des \u00ab\u00a0cookies\u00a0\u00bb, des fichiers texte qui sont enregistr\u00e9s sur votre ordinateur et qui permettent d&rsquo;analyser votre utilisation du site web. Les informations g\u00e9n\u00e9r\u00e9es par le cookie concernant votre utilisation de ce site web sont g\u00e9n\u00e9ralement transmises \u00e0 un serveur de Google aux \u00c9tats-Unis et y sont enregistr\u00e9es. En cas d&rsquo;activation de l&rsquo;anonymisation IP sur ce site web, votre adresse IP sera toutefois abr\u00e9g\u00e9e au pr\u00e9alable par Google dans les \u00c9tats membres de l&rsquo;Union europ\u00e9enne ou dans d&rsquo;autres \u00c9tats signataires de l&rsquo;accord sur l&rsquo;Espace \u00e9conomique europ\u00e9en.<\/p>\n\n\n\n<p>Ce n&rsquo;est que dans des cas exceptionnels que l&rsquo;adresse IP compl\u00e8te est transmise \u00e0 un serveur de Google aux \u00c9tats-Unis et y est abr\u00e9g\u00e9e. Google utilisera cette information dans le but d&rsquo;\u00e9valuer votre utilisation du site, de compiler des rapports sur l&rsquo;activit\u00e9 du site \u00e0 destination de son \u00e9diteur et de fournir d&rsquo;autres services relatifs \u00e0 l&rsquo;activit\u00e9 du site et \u00e0 l&rsquo;utilisation d&rsquo;Internet. Le cas \u00e9ch\u00e9ant, Google transmettra \u00e9galement ces informations \u00e0 des tiers, dans la mesure o\u00f9 cela est prescrit par la loi ou si des tiers traitent ces donn\u00e9es pour le compte de Google. L&rsquo;adresse IP transmise par votre navigateur dans le cadre de Google Analytics n&rsquo;est pas recoup\u00e9e avec d&rsquo;autres donn\u00e9es de Google.<\/p>\n\n\n\n<p>Vous trouverez de plus amples informations sur les conditions d&rsquo;utilisation et la protection des donn\u00e9es sur <a href=\"http:\/\/www.google.com\/analytics\/terms\/fr.html\">www.google.com\/analytics\/terms\/fr.html<\/a> ou sur <a href=\"http:\/\/www.google.com\/intl\/fr\/analytics\/privacyoverview.html\">www.google.com\/intl\/fr\/analytics\/privacyoverview.html<\/a>.<\/p>\n\n\n\n<p><strong>Finalit\u00e9s du traitement<\/strong><br>Google utilisera ces informations pour le compte de l&rsquo;exploitant de ce site web afin d&rsquo;\u00e9valuer votre utilisation du site web, de compiler des rapports sur les activit\u00e9s du site web et de fournir \u00e0 l&rsquo;exploitant du site web d&rsquo;autres services li\u00e9s \u00e0 l&rsquo;utilisation du site web et d&rsquo;Internet.<\/p>\n\n\n\n<p>Vous pouvez emp\u00eacher l&rsquo;enregistrement des cookies en param\u00e9trant votre logiciel de navigation en cons\u00e9quence ; nous attirons toutefois votre attention sur le fait que, dans ce cas, vous ne pourrez peut-\u00eatre pas utiliser toutes les fonctions de ce site web dans leur int\u00e9gralit\u00e9.<\/p>\n\n\n\n<p>En utilisant ce site Internet, vous acceptez que les donn\u00e9es collect\u00e9es \u00e0 votre sujet par Google soient trait\u00e9es de la mani\u00e8re et aux fins d\u00e9crites ci-dessus. Conditions de Google Analytics : <a href=\"http:\/\/www.google.com\/analytics\/terms\/fr.html\">http:\/\/www.google.com\/analytics\/terms\/fr.html<\/a><\/p>\n\n\n\n<p>Vous pouvez en outre emp\u00eacher la saisie par Google des donn\u00e9es g\u00e9n\u00e9r\u00e9es par le cookie et se rapportant \u00e0 votre utilisation du site web (y compris votre adresse IP) ainsi que le traitement de ces donn\u00e9es par Google en t\u00e9l\u00e9chargeant et en installant le plug-in de navigateur disponible sous le lien suivant : <a href=\"http:\/\/tools.google.com\/dlpage\/gaoptout\">http:\/\/tools.google.com\/dlpage\/gaoptout<\/a><\/p>\n\n\n\n<p>Les cookies opt-out emp\u00eachent la collecte future de vos donn\u00e9es lorsque vous visitez ce site web. Pour emp\u00eacher la collecte par Universal Analytics sur diff\u00e9rents appareils, vous devez effectuer l&rsquo;opt-out sur tous les syst\u00e8mes utilis\u00e9s. Si vous cliquez ici, le cookie opt-out sera install\u00e9 : <em>D\u00e9sactiver Google Analytics<\/em><\/p>\n\n\n\n<h4 class=\"wp-block-heading\">2.2 Cookies<\/h4>\n\n\n\n<p>Les cookies sont de petits fichiers texte qui sont d\u00e9pos\u00e9s par un site web sur l&rsquo;ordinateur du visiteur. Gr\u00e2ce \u00e0 ce fichier, le serveur web peut par exemple enregistrer sur l&rsquo;ordinateur de l&rsquo;utilisateur des pr\u00e9f\u00e9rences et des param\u00e8tres qui seront automatiquement restaur\u00e9s lors de la prochaine visite. Les cookies peuvent \u00e9galement \u00eatre utilis\u00e9s pour d\u00e9terminer si votre ordinateur a d\u00e9j\u00e0 communiqu\u00e9 avec nos pages. Seul le cookie est identifi\u00e9 sur votre ordinateur. Le cookie ne contient pas de donn\u00e9es \u00e0 caract\u00e8re personnel.<\/p>\n\n\n\n<h4 class=\"wp-block-heading\">2.3 Formulaires de contact<\/h4>\n\n\n\n<p>Si vous nous faites parvenir des demandes par le biais du formulaire de contact, les informations que vous avez fournies dans le formulaire de demande, y compris les donn\u00e9es que vous y avez indiqu\u00e9es, seront enregistr\u00e9es chez nous afin de traiter votre demande. Nous ne transmettons pas ces donn\u00e9es sans votre consentement. Pour une suppression d\u00e9finitive, veuillez vous adresser \u00e0 <a href=\"mailto:contact@medviu.ch\">contact@medviu.ch<\/a>.<\/p>\n\n\n\n<h4 class=\"wp-block-heading\">2.4 Donn\u00e9es de l&rsquo;abonnement d&rsquo;essai<\/h4>\n\n\n\n<p>Si vous souscrivez un abonnement d&rsquo;essai, vos donn\u00e9es restent enregistr\u00e9es dans la base de donn\u00e9es de l&rsquo;application medviu m\u00eame apr\u00e8s la fin de l&rsquo;abonnement d&rsquo;essai. Si le contact a \u00e9t\u00e9 \u00e9tabli via le formulaire de contact sur le site web, vos donn\u00e9es y sont en outre enregistr\u00e9es. Pour une suppression d\u00e9finitive, veuillez vous adresser \u00e0 <a href=\"mailto:contact@medviu.ch\">contact@medviu.ch<\/a>.<\/p>\n\n\n\n<h4 class=\"wp-block-heading\">2.5 Acc\u00e8s<\/h4>\n\n\n\n<p>En tant que titulaire d&rsquo;un acc\u00e8s \u00e0 l&rsquo;application medviu.ch, vous nous avez donn\u00e9 l&rsquo;autorisation d&rsquo;enregistrer votre adresse, votre num\u00e9ro de t\u00e9l\u00e9phone et votre adresse e-mail. Sans ces donn\u00e9es, vous n&rsquo;avez pas acc\u00e8s \u00e0 la revue de presse \u00e9lectronique et votre acc\u00e8s doit \u00eatre supprim\u00e9. En souscrivant un abonnement et en indiquant les donn\u00e9es mentionn\u00e9es, vous nous autorisez \u00e0 vous contacter par le biais de ces donn\u00e9es.<\/p>\n\n\n\n<p>Dans l&rsquo;application Medviu, vos appels aux diff\u00e9rentes fonctions comme par exemple \u00ab\u00a0appel d&rsquo;un article\u00a0\u00bb, \u00ab\u00a0temps de connexion\u00a0\u00bb, \u00ab\u00a0envoi d&rsquo;articles\u00a0\u00bb etc. sont enregistr\u00e9s chez nous afin de garantir les fonctionnalit\u00e9s payantes de l&rsquo;abonnement client.<\/p>\n\n\n\n<h4 class=\"wp-block-heading\">2.6 Alerte par mot-cl\u00e9<\/h4>\n\n\n\n<p>En activant l&rsquo;alerte automatis\u00e9e, vous autorisez l&rsquo;application \u00e0 vous envoyer une notification \u00e0 votre adresse e-mail. Vous pouvez d\u00e9sactiver cette automatisation \u00e0 tout moment dans votre acc\u00e8s.<\/p>\n\n\n\n<h4 class=\"wp-block-heading\">2.7 Destinataires de l&rsquo;envoi<\/h4>\n\n\n\n<p>Si vous \u00eates destinataire d&rsquo;une newsletter quotidienne, nous avons re\u00e7u votre adresse e-mail de votre employeur. Veuillez vous adresser directement \u00e0 votre service de communication si vous ne souhaitez plus recevoir de newsletter.<\/p>\n\n\n\n<h4 class=\"wp-block-heading\">2.8 Revues de presse individuelles<\/h4>\n\n\n\n<p>Certaines entreprises se procurent par notre interm\u00e9diaire des revues de presse individuelles qui sont accessibles via votre intranet. Certaines revues de presse collectent des donn\u00e9es via Google Analytics, ce qui a \u00e9t\u00e9 mis en place en concertation avec le client. Vous pouvez \u00e0 tout moment emp\u00eacher la collecte de donn\u00e9es par Google Analytics comme d\u00e9crit au paragraphe 1.0 Google Analytics.<\/p>\n\n\n\n<p>Si, en tant que propri\u00e9taire d&rsquo;un miroir m\u00e9diatique individuel, vous ne souhaitez pas que ces donn\u00e9es soient collect\u00e9es, veuillez vous adresser \u00e0 <a href=\"mailto:contact@medviu.ch\">contact@medviu.ch<\/a>.<\/p>\n\n\n\n<h4 class=\"wp-block-heading\">2.9 Mesures relatives au droit d&rsquo;auteur<\/h4>\n\n\n\n<p>Pour des raisons de droit d&rsquo;auteur, les contenus de l&rsquo;application Medviu et de ses miroirs m\u00e9dia individuels doivent \u00eatre prot\u00e9g\u00e9s. Pour cette raison, l&rsquo;adresse IP et les consultations de contenu du visiteur connect\u00e9 sont enregistr\u00e9es dans notre base de donn\u00e9es.<\/p>\n\n\n\n<p>Afin de garantir la protection des droits d&rsquo;auteur pour les clients, l&rsquo;acc\u00e8s aux miroirs m\u00e9dia individuels est prot\u00e9g\u00e9 soit par un intranet, soit par la plage IP.<\/p>\n\n\n\n<p>Les adresses IP ne sont enregistr\u00e9es qu&rsquo;en accord avec le client.<\/p>\n\n\n\n<h4 class=\"wp-block-heading\">2.10 Polices Web<\/h4>\n\n\n\n<p>Notre site web utilise ce que l&rsquo;on appelle des polices web, qui sont mises \u00e0 disposition par notre serveur web. Lorsque vous consultez notre site web, votre navigateur charge les polices web n\u00e9cessaires dans le cache de votre navigateur afin d&rsquo;afficher correctement les textes et les polices. Si votre navigateur ne prend pas en charge les polices web, votre ordinateur utilise une police standard.<\/p>\n\n\n\n<p>Toutes les polices web utilis\u00e9es par notre site sont directement h\u00e9berg\u00e9es sur notre serveur web en Suisse, en Europe. Nous n&rsquo;utilisons express\u00e9ment aucune API tierce pour t\u00e9l\u00e9charger ces polices web. Cela permet de garantir qu&rsquo;aucune donn\u00e9e n&rsquo;est collect\u00e9e par le fournisseur d&rsquo;une telle API lors du chargement de ces polices web.<\/p>\n\n\n\n<h3 class=\"wp-block-heading\">3.0 Droits des personnes concern\u00e9es<\/h3>\n\n\n\n<h4 class=\"wp-block-heading\"><strong>Information, rectification et effacement<\/strong><\/h4>\n\n\n\n<p>Si vous avez des questions sur la collecte, le traitement et\/ou l&rsquo;utilisation de vos donn\u00e9es personnelles par nos soins, nous nous ferons un plaisir de vous fournir \u00e0 tout moment des informations gratuites sur les donn\u00e9es enregistr\u00e9es vous concernant. De m\u00eame, si vous souhaitez que vos donn\u00e9es soient rectifi\u00e9es, bloqu\u00e9es ou effac\u00e9es. Pour ce faire, veuillez vous adresser par \u00e9crit \u00e0 Medviu AG, Postfach 241, 9053 Teufen ou par e-mail \u00e0 contact@medviu.ch.<\/p>\n\n\n\n<p>Comme d\u00e9crit ci-dessus, vos donn\u00e9es personnelles sont en partie n\u00e9cessaires pour pouvoir utiliser le produit medviu. Si vous souhaitez que vos donn\u00e9es soient supprim\u00e9es, l&rsquo;abonnement doit dans la plupart des cas \u00eatre r\u00e9sili\u00e9 et l&rsquo;acc\u00e8s au miroir m\u00e9diatique supprim\u00e9.<\/p>\n\n\n\n<h3 class=\"wp-block-heading\">4.0 Plugins<\/h3>\n\n\n\n<p>Nous utilisons les plugins de m\u00e9dias sociaux du r\u00e9seau LinkedIn et Twitter.<\/p>\n\n\n\n<h3 class=\"wp-block-heading\">5.0 Autres informations<\/h3>\n\n\n\n<p>En vertu de l&rsquo;article 13 de la Constitution f\u00e9d\u00e9rale suisse et des dispositions f\u00e9d\u00e9rales relatives \u00e0 la protection des donn\u00e9es (loi sur la protection des donn\u00e9es, LPD), toute personne a droit \u00e0 la protection de sa sph\u00e8re priv\u00e9e ainsi qu&rsquo;\u00e0 la protection contre l&#8217;emploi abusif de ses donn\u00e9es personnelles. Nous respectons ces dispositions. Les donn\u00e9es personnelles sont trait\u00e9es de mani\u00e8re strictement confidentielle et ne sont ni vendues ni transmises \u00e0 des tiers.<\/p>\n\n\n\n<h4 class=\"wp-block-heading\">5.1 Comment nous prot\u00e9geons vos donn\u00e9es<\/h4>\n\n\n\n<p>En \u00e9troite collaboration avec nos fournisseurs d&rsquo;h\u00e9bergement, nous nous effor\u00e7ons de prot\u00e9ger autant que possible les bases de donn\u00e9es contre les acc\u00e8s \u00e9trangers, les pertes, les abus ou les falsifications.<\/p>\n\n\n\n<p>Lors de l&rsquo;acc\u00e8s \u00e0 nos pages web, les donn\u00e9es suivantes sont enregistr\u00e9es dans des fichiers journaux : Adresse IP, date, heure, demande de navigateur et informations g\u00e9n\u00e9rales transmises sur le syst\u00e8me d&rsquo;exploitation ou le navigateur. Ces donn\u00e9es d&rsquo;utilisation constituent la base d&rsquo;\u00e9valuations statistiques anonymes, de sorte que des tendances sont identifiables, \u00e0 l&rsquo;aide desquelles nous pouvons am\u00e9liorer nos offres en cons\u00e9quence.<\/p>\n\n\n\n<h4 class=\"wp-block-heading\">5.2 S\u00e9curit\u00e9<\/h4>\n\n\n\n<p>Nous prenons toutes les mesures de s\u00e9curit\u00e9 techniques et organisationnelles n\u00e9cessaires pour prot\u00e9ger vos donn\u00e9es personnelles contre la perte et l&rsquo;utilisation abusive. Ainsi, vos donn\u00e9es sont stock\u00e9es dans un environnement d&rsquo;exploitation s\u00e9curis\u00e9 qui n&rsquo;est pas accessible au public.<\/p>\n\n\n\n<p>La protection des donn\u00e9es personnelles nous tient particuli\u00e8rement \u00e0 c\u0153ur. C&rsquo;est pourquoi nous utilisons la technologie SSL pour la transmission de toutes les donn\u00e9es.<\/p>\n\n\n\n<h3 class=\"wp-block-heading\">6.0 Exclusion de responsabilit\u00e9<\/h3>\n\n\n\n<p>L&rsquo;auteur n&rsquo;assume aucune garantie quant \u00e0 l&rsquo;exactitude, la pr\u00e9cision, l&rsquo;actualit\u00e9, la fiabilit\u00e9 et l&rsquo;exhaustivit\u00e9 du contenu des informations.<\/p>\n\n\n\n<p>L&rsquo;auteur ne saurait \u00eatre tenu pour responsable des dommages mat\u00e9riels ou immat\u00e9riels qui pourraient \u00eatre caus\u00e9s par l&rsquo;acc\u00e8s aux informations diffus\u00e9es ou par leur utilisation ou non-utilisation, par le mauvais usage de la connexion ou par des probl\u00e8mes techniques.<\/p>\n\n\n\n<p>Toutes les offres sont sans engagement. L&rsquo;auteur se r\u00e9serve express\u00e9ment le droit de modifier, de compl\u00e9ter ou de supprimer des parties de pages ou l&rsquo;ensemble de l&rsquo;offre sans avis pr\u00e9alable, ou d&rsquo;en suspendre temporairement ou d\u00e9finitivement la publication.<\/p>\n\n\n\n<h4 class=\"wp-block-heading\">6.1 Responsabilit\u00e9 pour les liens<\/h4>\n\n\n\n<p>Les renvois et liens vers des sites web de tiers ne rel\u00e8vent pas de notre responsabilit\u00e9. Nous d\u00e9clinons toute responsabilit\u00e9 pour de tels sites web. L&rsquo;acc\u00e8s \u00e0 de tels sites et leur utilisation se font aux risques et p\u00e9rils de l&rsquo;utilisateur ou de l&rsquo;utilisatrice.<\/p>\n\n\n\n<h3 class=\"wp-block-heading\">7.0 Droits d&rsquo;auteur<\/h3>\n\n\n\n<p>Les droits d&rsquo;auteur et tous les autres droits li\u00e9s aux contenus, images, photos ou autres fichiers pr\u00e9sents sur le site web appartiennent exclusivement \u00e0 l&rsquo;exploitant de ce site web ou aux titulaires de droits sp\u00e9cialement cit\u00e9s. L&rsquo;autorisation \u00e9crite des d\u00e9tenteurs des droits d&rsquo;auteur doit \u00eatre obtenue au pr\u00e9alable pour la reproduction de tout \u00e9l\u00e9ment.<\/p>\n","protected":false},"excerpt":{"rendered":"<p>Mise \u00e0 jour: Ao\u00fbt 2023 1.0 Qui sommes-nous ? Medviu SACase postale 2419053 Teufen Personne habilit\u00e9e \u00e0 repr\u00e9senter la soci\u00e9t\u00e9 et responsable de la protection des donn\u00e9es :Ruedi Brunner T\u00e9l\u00e9phone : 071 330 03 75Courriel : contact@medviu.ch Forme juridique : soci\u00e9t\u00e9 anonyme R\u00e9gistre de commerce: CH-300.3.013.806-8UID: CHE-105.155.188Office comp\u00e9tent: Office du registre du commerce du canton [&hellip;]<\/p>\n","protected":false},"author":1,"featured_media":0,"parent":0,"menu_order":0,"comment_status":"closed","ping_status":"closed","template":"page-standard-content.php","meta":{"_acf_changed":false,"content-type":"","footnotes":""},"class_list":["post-815","page","type-page","status-publish","hentry"],"acf":[],"yoast_head":"<!-- This site is optimized with the Yoast SEO plugin v27.3 - https:\/\/yoast.com\/product\/yoast-seo-wordpress\/ -->\n<title>Protection des donn\u00e9es - Medviu<\/title>\n<meta name=\"description\" content=\"Vos donn\u00e9es en mains s\u00fbres\" \/>\n<meta name=\"robots\" content=\"index, follow, max-snippet:-1, max-image-preview:large, max-video-preview:-1\" \/>\n<link rel=\"canonical\" href=\"https:\/\/medviu.ch\/fr\/protection-des-donnees\/\" \/>\n<meta property=\"og:locale\" content=\"fr_FR\" \/>\n<meta property=\"og:type\" content=\"article\" \/>\n<meta property=\"og:title\" content=\"Protection des donn\u00e9es - Medviu\" \/>\n<meta property=\"og:description\" content=\"Vos donn\u00e9es en mains s\u00fbres\" \/>\n<meta property=\"og:url\" content=\"https:\/\/medviu.ch\/fr\/protection-des-donnees\/\" \/>\n<meta property=\"og:site_name\" content=\"Medviu\" \/>\n<meta property=\"article:modified_time\" content=\"2024-01-04T10:09:44+00:00\" \/>\n<meta name=\"twitter:card\" content=\"summary_large_image\" \/>\n<meta name=\"twitter:label1\" content=\"Dur\u00e9e de lecture estim\u00e9e\" \/>\n\t<meta name=\"twitter:data1\" content=\"12 minutes\" \/>\n<script type=\"application\/ld+json\" class=\"yoast-schema-graph\">{\"@context\":\"https:\\\/\\\/schema.org\",\"@graph\":[{\"@type\":\"WebPage\",\"@id\":\"https:\\\/\\\/medviu.ch\\\/fr\\\/protection-des-donnees\\\/\",\"url\":\"https:\\\/\\\/medviu.ch\\\/fr\\\/protection-des-donnees\\\/\",\"name\":\"Protection des donn\u00e9es - Medviu\",\"isPartOf\":{\"@id\":\"https:\\\/\\\/medviu.ch\\\/fr\\\/#website\"},\"datePublished\":\"2022-09-09T11:23:01+00:00\",\"dateModified\":\"2024-01-04T10:09:44+00:00\",\"description\":\"Vos donn\u00e9es en mains s\u00fbres\",\"breadcrumb\":{\"@id\":\"https:\\\/\\\/medviu.ch\\\/fr\\\/protection-des-donnees\\\/#breadcrumb\"},\"inLanguage\":\"fr-FR\",\"potentialAction\":[{\"@type\":\"ReadAction\",\"target\":[\"https:\\\/\\\/medviu.ch\\\/fr\\\/protection-des-donnees\\\/\"]}]},{\"@type\":\"BreadcrumbList\",\"@id\":\"https:\\\/\\\/medviu.ch\\\/fr\\\/protection-des-donnees\\\/#breadcrumb\",\"itemListElement\":[{\"@type\":\"ListItem\",\"position\":1,\"name\":\"Startseite\",\"item\":\"https:\\\/\\\/medviu.ch\\\/fr\\\/\"},{\"@type\":\"ListItem\",\"position\":2,\"name\":\"Protection des donn\u00e9es\"}]},{\"@type\":\"WebSite\",\"@id\":\"https:\\\/\\\/medviu.ch\\\/fr\\\/#website\",\"url\":\"https:\\\/\\\/medviu.ch\\\/fr\\\/\",\"name\":\"Medviu\",\"description\":\"Medienspiegel Gesundheitswesen Schweiz\",\"publisher\":{\"@id\":\"https:\\\/\\\/medviu.ch\\\/fr\\\/#organization\"},\"potentialAction\":[{\"@type\":\"SearchAction\",\"target\":{\"@type\":\"EntryPoint\",\"urlTemplate\":\"https:\\\/\\\/medviu.ch\\\/fr\\\/?s={search_term_string}\"},\"query-input\":{\"@type\":\"PropertyValueSpecification\",\"valueRequired\":true,\"valueName\":\"search_term_string\"}}],\"inLanguage\":\"fr-FR\"},{\"@type\":\"Organization\",\"@id\":\"https:\\\/\\\/medviu.ch\\\/fr\\\/#organization\",\"name\":\"Medviu\",\"url\":\"https:\\\/\\\/medviu.ch\\\/fr\\\/\",\"logo\":{\"@type\":\"ImageObject\",\"inLanguage\":\"fr-FR\",\"@id\":\"https:\\\/\\\/medviu.ch\\\/fr\\\/#\\\/schema\\\/logo\\\/image\\\/\",\"url\":\"https:\\\/\\\/medviu.ch\\\/wp-content\\\/uploads\\\/2022\\\/09\\\/logo_medviu-colored.png\",\"contentUrl\":\"https:\\\/\\\/medviu.ch\\\/wp-content\\\/uploads\\\/2022\\\/09\\\/logo_medviu-colored.png\",\"width\":180,\"height\":50,\"caption\":\"Medviu\"},\"image\":{\"@id\":\"https:\\\/\\\/medviu.ch\\\/fr\\\/#\\\/schema\\\/logo\\\/image\\\/\"}}]}<\/script>\n<!-- \/ Yoast SEO plugin. -->","yoast_head_json":{"title":"Protection des donn\u00e9es - Medviu","description":"Vos donn\u00e9es en mains s\u00fbres","robots":{"index":"index","follow":"follow","max-snippet":"max-snippet:-1","max-image-preview":"max-image-preview:large","max-video-preview":"max-video-preview:-1"},"canonical":"https:\/\/medviu.ch\/fr\/protection-des-donnees\/","og_locale":"fr_FR","og_type":"article","og_title":"Protection des donn\u00e9es - Medviu","og_description":"Vos donn\u00e9es en mains s\u00fbres","og_url":"https:\/\/medviu.ch\/fr\/protection-des-donnees\/","og_site_name":"Medviu","article_modified_time":"2024-01-04T10:09:44+00:00","twitter_card":"summary_large_image","twitter_misc":{"Dur\u00e9e de lecture estim\u00e9e":"12 minutes"},"schema":{"@context":"https:\/\/schema.org","@graph":[{"@type":"WebPage","@id":"https:\/\/medviu.ch\/fr\/protection-des-donnees\/","url":"https:\/\/medviu.ch\/fr\/protection-des-donnees\/","name":"Protection des donn\u00e9es - Medviu","isPartOf":{"@id":"https:\/\/medviu.ch\/fr\/#website"},"datePublished":"2022-09-09T11:23:01+00:00","dateModified":"2024-01-04T10:09:44+00:00","description":"Vos donn\u00e9es en mains s\u00fbres","breadcrumb":{"@id":"https:\/\/medviu.ch\/fr\/protection-des-donnees\/#breadcrumb"},"inLanguage":"fr-FR","potentialAction":[{"@type":"ReadAction","target":["https:\/\/medviu.ch\/fr\/protection-des-donnees\/"]}]},{"@type":"BreadcrumbList","@id":"https:\/\/medviu.ch\/fr\/protection-des-donnees\/#breadcrumb","itemListElement":[{"@type":"ListItem","position":1,"name":"Startseite","item":"https:\/\/medviu.ch\/fr\/"},{"@type":"ListItem","position":2,"name":"Protection des donn\u00e9es"}]},{"@type":"WebSite","@id":"https:\/\/medviu.ch\/fr\/#website","url":"https:\/\/medviu.ch\/fr\/","name":"Medviu","description":"Medienspiegel Gesundheitswesen Schweiz","publisher":{"@id":"https:\/\/medviu.ch\/fr\/#organization"},"potentialAction":[{"@type":"SearchAction","target":{"@type":"EntryPoint","urlTemplate":"https:\/\/medviu.ch\/fr\/?s={search_term_string}"},"query-input":{"@type":"PropertyValueSpecification","valueRequired":true,"valueName":"search_term_string"}}],"inLanguage":"fr-FR"},{"@type":"Organization","@id":"https:\/\/medviu.ch\/fr\/#organization","name":"Medviu","url":"https:\/\/medviu.ch\/fr\/","logo":{"@type":"ImageObject","inLanguage":"fr-FR","@id":"https:\/\/medviu.ch\/fr\/#\/schema\/logo\/image\/","url":"https:\/\/medviu.ch\/wp-content\/uploads\/2022\/09\/logo_medviu-colored.png","contentUrl":"https:\/\/medviu.ch\/wp-content\/uploads\/2022\/09\/logo_medviu-colored.png","width":180,"height":50,"caption":"Medviu"},"image":{"@id":"https:\/\/medviu.ch\/fr\/#\/schema\/logo\/image\/"}}]}},"_links":{"self":[{"href":"https:\/\/medviu.ch\/fr\/wp-json\/wp\/v2\/pages\/815","targetHints":{"allow":["GET"]}}],"collection":[{"href":"https:\/\/medviu.ch\/fr\/wp-json\/wp\/v2\/pages"}],"about":[{"href":"https:\/\/medviu.ch\/fr\/wp-json\/wp\/v2\/types\/page"}],"author":[{"embeddable":true,"href":"https:\/\/medviu.ch\/fr\/wp-json\/wp\/v2\/users\/1"}],"replies":[{"embeddable":true,"href":"https:\/\/medviu.ch\/fr\/wp-json\/wp\/v2\/comments?post=815"}],"version-history":[{"count":13,"href":"https:\/\/medviu.ch\/fr\/wp-json\/wp\/v2\/pages\/815\/revisions"}],"predecessor-version":[{"id":2763,"href":"https:\/\/medviu.ch\/fr\/wp-json\/wp\/v2\/pages\/815\/revisions\/2763"}],"wp:attachment":[{"href":"https:\/\/medviu.ch\/fr\/wp-json\/wp\/v2\/media?parent=815"}],"curies":[{"name":"wp","href":"https:\/\/api.w.org\/{rel}","templated":true}]}}