{"id":817,"date":"2022-10-05T13:32:00","date_gmt":"2022-10-05T11:32:00","guid":{"rendered":"https:\/\/medviu.08eins-preview.ch\/impressum\/"},"modified":"2024-01-04T11:06:46","modified_gmt":"2024-01-04T10:06:46","slug":"impressum","status":"publish","type":"page","link":"https:\/\/medviu.ch\/fr\/impressum\/","title":{"rendered":"Impressum"},"content":{"rendered":"\n<p>Mise \u00e0 jour: Octobre 2022<\/p>\n\n\n\n<p><strong>Medviu SA<br><\/strong>Case postale 241<br>9053 Teufen<\/p>\n\n\n\n<p>Personne habilit\u00e9e \u00e0 repr\u00e9senter la soci\u00e9t\u00e9 :<br>Ruedi Brunner<\/p>\n\n\n\n<p>T\u00e9l\u00e9phone : 071 330 03 75<br>Courriel :&nbsp;<a href=\"mailto:contact@medviu.ch\">contact@medviu.ch<\/a><\/p>\n\n\n\n<p>Forme juridique : soci\u00e9t\u00e9 anonyme<\/p>\n\n\n\n<p>R\u00e9gistre de commerce: CH-300.3.013.806-8<br>UID: CHE-105.155.188<br>Office comp\u00e9tent: Office du registre du commerce du canton Appenzell Rhodes ext\u00e9rieures<\/p>\n\n\n\n<hr class=\"wp-block-separator has-alpha-channel-opacity\"\/>\n\n\n\n<p><strong>Conception d&rsquo;\u00e9cran<\/strong><\/p>\n\n\n\n<p>Partner &amp; Partner AG<br><a href=\"http:\/\/partner-partner.ch\/\">partner-partner.ch<\/a><\/p>\n\n\n\n<p><strong>Programmation<\/strong><\/p>\n\n\n\n<p>08EINS AG SOFTWAREHAUS<br><a href=\"https:\/\/softwarehaus.net\/\">softwarehaus.net<\/a><\/p>\n","protected":false},"excerpt":{"rendered":"<p>Mise \u00e0 jour: Octobre 2022 Medviu SACase postale 2419053 Teufen Personne habilit\u00e9e \u00e0 repr\u00e9senter la soci\u00e9t\u00e9 :Ruedi Brunner T\u00e9l\u00e9phone : 071 330 03 75Courriel :&nbsp;contact@medviu.ch Forme juridique : soci\u00e9t\u00e9 anonyme R\u00e9gistre de commerce: CH-300.3.013.806-8UID: CHE-105.155.188Office comp\u00e9tent: Office du registre du commerce du canton Appenzell Rhodes ext\u00e9rieures Conception d&rsquo;\u00e9cran Partner &amp; Partner AGpartner-partner.ch Programmation 08EINS AG [&hellip;]<\/p>\n","protected":false},"author":1,"featured_media":0,"parent":0,"menu_order":0,"comment_status":"closed","ping_status":"closed","template":"page-standard-content.php","meta":{"_acf_changed":false,"content-type":"","footnotes":""},"class_list":["post-817","page","type-page","status-publish","hentry"],"acf":[],"yoast_head":"<!-- This site is optimized with the Yoast SEO plugin v27.5 - https:\/\/yoast.com\/product\/yoast-seo-wordpress\/ -->\n<title>Impressum - Medviu<\/title>\n<meta name=\"description\" content=\"Mise \u00e0 jour: Octobre 2022\" \/>\n<meta name=\"robots\" content=\"index, follow, max-snippet:-1, max-image-preview:large, max-video-preview:-1\" \/>\n<link rel=\"canonical\" href=\"https:\/\/medviu.ch\/fr\/impressum\/\" \/>\n<meta property=\"og:locale\" content=\"fr_FR\" \/>\n<meta property=\"og:type\" content=\"article\" \/>\n<meta property=\"og:title\" content=\"Impressum - Medviu\" \/>\n<meta property=\"og:description\" content=\"Mise \u00e0 jour: Octobre 2022\" \/>\n<meta property=\"og:url\" content=\"https:\/\/medviu.ch\/fr\/impressum\/\" \/>\n<meta property=\"og:site_name\" content=\"Medviu\" \/>\n<meta property=\"article:modified_time\" content=\"2024-01-04T10:06:46+00:00\" \/>\n<meta name=\"twitter:card\" content=\"summary_large_image\" \/>\n<meta name=\"twitter:label1\" content=\"Dur\u00e9e de lecture estim\u00e9e\" \/>\n\t<meta name=\"twitter:data1\" content=\"1 minute\" \/>\n<script type=\"application\/ld+json\" class=\"yoast-schema-graph\">{\"@context\":\"https:\\\/\\\/schema.org\",\"@graph\":[{\"@type\":\"WebPage\",\"@id\":\"https:\\\/\\\/medviu.ch\\\/fr\\\/impressum\\\/\",\"url\":\"https:\\\/\\\/medviu.ch\\\/fr\\\/impressum\\\/\",\"name\":\"Impressum - Medviu\",\"isPartOf\":{\"@id\":\"https:\\\/\\\/medviu.ch\\\/fr\\\/#website\"},\"datePublished\":\"2022-10-05T11:32:00+00:00\",\"dateModified\":\"2024-01-04T10:06:46+00:00\",\"description\":\"Mise \u00e0 jour: Octobre 2022\",\"breadcrumb\":{\"@id\":\"https:\\\/\\\/medviu.ch\\\/fr\\\/impressum\\\/#breadcrumb\"},\"inLanguage\":\"fr-FR\",\"potentialAction\":[{\"@type\":\"ReadAction\",\"target\":[\"https:\\\/\\\/medviu.ch\\\/fr\\\/impressum\\\/\"]}]},{\"@type\":\"BreadcrumbList\",\"@id\":\"https:\\\/\\\/medviu.ch\\\/fr\\\/impressum\\\/#breadcrumb\",\"itemListElement\":[{\"@type\":\"ListItem\",\"position\":1,\"name\":\"Startseite\",\"item\":\"https:\\\/\\\/medviu.ch\\\/fr\\\/\"},{\"@type\":\"ListItem\",\"position\":2,\"name\":\"Impressum\"}]},{\"@type\":\"WebSite\",\"@id\":\"https:\\\/\\\/medviu.ch\\\/fr\\\/#website\",\"url\":\"https:\\\/\\\/medviu.ch\\\/fr\\\/\",\"name\":\"Medviu\",\"description\":\"Medienspiegel Gesundheitswesen Schweiz\",\"publisher\":{\"@id\":\"https:\\\/\\\/medviu.ch\\\/fr\\\/#organization\"},\"potentialAction\":[{\"@type\":\"SearchAction\",\"target\":{\"@type\":\"EntryPoint\",\"urlTemplate\":\"https:\\\/\\\/medviu.ch\\\/fr\\\/?s={search_term_string}\"},\"query-input\":{\"@type\":\"PropertyValueSpecification\",\"valueRequired\":true,\"valueName\":\"search_term_string\"}}],\"inLanguage\":\"fr-FR\"},{\"@type\":\"Organization\",\"@id\":\"https:\\\/\\\/medviu.ch\\\/fr\\\/#organization\",\"name\":\"Medviu\",\"url\":\"https:\\\/\\\/medviu.ch\\\/fr\\\/\",\"logo\":{\"@type\":\"ImageObject\",\"inLanguage\":\"fr-FR\",\"@id\":\"https:\\\/\\\/medviu.ch\\\/fr\\\/#\\\/schema\\\/logo\\\/image\\\/\",\"url\":\"https:\\\/\\\/medviu.ch\\\/wp-content\\\/uploads\\\/2022\\\/09\\\/logo_medviu-colored.png\",\"contentUrl\":\"https:\\\/\\\/medviu.ch\\\/wp-content\\\/uploads\\\/2022\\\/09\\\/logo_medviu-colored.png\",\"width\":180,\"height\":50,\"caption\":\"Medviu\"},\"image\":{\"@id\":\"https:\\\/\\\/medviu.ch\\\/fr\\\/#\\\/schema\\\/logo\\\/image\\\/\"}}]}<\/script>\n<!-- \/ Yoast SEO plugin. -->","yoast_head_json":{"title":"Impressum - Medviu","description":"Mise \u00e0 jour: Octobre 2022","robots":{"index":"index","follow":"follow","max-snippet":"max-snippet:-1","max-image-preview":"max-image-preview:large","max-video-preview":"max-video-preview:-1"},"canonical":"https:\/\/medviu.ch\/fr\/impressum\/","og_locale":"fr_FR","og_type":"article","og_title":"Impressum - Medviu","og_description":"Mise \u00e0 jour: Octobre 2022","og_url":"https:\/\/medviu.ch\/fr\/impressum\/","og_site_name":"Medviu","article_modified_time":"2024-01-04T10:06:46+00:00","twitter_card":"summary_large_image","twitter_misc":{"Dur\u00e9e de lecture estim\u00e9e":"1 minute"},"schema":{"@context":"https:\/\/schema.org","@graph":[{"@type":"WebPage","@id":"https:\/\/medviu.ch\/fr\/impressum\/","url":"https:\/\/medviu.ch\/fr\/impressum\/","name":"Impressum - Medviu","isPartOf":{"@id":"https:\/\/medviu.ch\/fr\/#website"},"datePublished":"2022-10-05T11:32:00+00:00","dateModified":"2024-01-04T10:06:46+00:00","description":"Mise \u00e0 jour: Octobre 2022","breadcrumb":{"@id":"https:\/\/medviu.ch\/fr\/impressum\/#breadcrumb"},"inLanguage":"fr-FR","potentialAction":[{"@type":"ReadAction","target":["https:\/\/medviu.ch\/fr\/impressum\/"]}]},{"@type":"BreadcrumbList","@id":"https:\/\/medviu.ch\/fr\/impressum\/#breadcrumb","itemListElement":[{"@type":"ListItem","position":1,"name":"Startseite","item":"https:\/\/medviu.ch\/fr\/"},{"@type":"ListItem","position":2,"name":"Impressum"}]},{"@type":"WebSite","@id":"https:\/\/medviu.ch\/fr\/#website","url":"https:\/\/medviu.ch\/fr\/","name":"Medviu","description":"Medienspiegel Gesundheitswesen Schweiz","publisher":{"@id":"https:\/\/medviu.ch\/fr\/#organization"},"potentialAction":[{"@type":"SearchAction","target":{"@type":"EntryPoint","urlTemplate":"https:\/\/medviu.ch\/fr\/?s={search_term_string}"},"query-input":{"@type":"PropertyValueSpecification","valueRequired":true,"valueName":"search_term_string"}}],"inLanguage":"fr-FR"},{"@type":"Organization","@id":"https:\/\/medviu.ch\/fr\/#organization","name":"Medviu","url":"https:\/\/medviu.ch\/fr\/","logo":{"@type":"ImageObject","inLanguage":"fr-FR","@id":"https:\/\/medviu.ch\/fr\/#\/schema\/logo\/image\/","url":"https:\/\/medviu.ch\/wp-content\/uploads\/2022\/09\/logo_medviu-colored.png","contentUrl":"https:\/\/medviu.ch\/wp-content\/uploads\/2022\/09\/logo_medviu-colored.png","width":180,"height":50,"caption":"Medviu"},"image":{"@id":"https:\/\/medviu.ch\/fr\/#\/schema\/logo\/image\/"}}]}},"_links":{"self":[{"href":"https:\/\/medviu.ch\/fr\/wp-json\/wp\/v2\/pages\/817","targetHints":{"allow":["GET"]}}],"collection":[{"href":"https:\/\/medviu.ch\/fr\/wp-json\/wp\/v2\/pages"}],"about":[{"href":"https:\/\/medviu.ch\/fr\/wp-json\/wp\/v2\/types\/page"}],"author":[{"embeddable":true,"href":"https:\/\/medviu.ch\/fr\/wp-json\/wp\/v2\/users\/1"}],"replies":[{"embeddable":true,"href":"https:\/\/medviu.ch\/fr\/wp-json\/wp\/v2\/comments?post=817"}],"version-history":[{"count":3,"href":"https:\/\/medviu.ch\/fr\/wp-json\/wp\/v2\/pages\/817\/revisions"}],"predecessor-version":[{"id":2759,"href":"https:\/\/medviu.ch\/fr\/wp-json\/wp\/v2\/pages\/817\/revisions\/2759"}],"wp:attachment":[{"href":"https:\/\/medviu.ch\/fr\/wp-json\/wp\/v2\/media?parent=817"}],"curies":[{"name":"wp","href":"https:\/\/api.w.org\/{rel}","templated":true}]}}